{"id":3,"date":"2021-06-12T13:00:20","date_gmt":"2021-06-12T11:00:20","guid":{"rendered":"https:\/\/www.maikeplenzke.com\/?page_id=3"},"modified":"2022-01-16T18:23:32","modified_gmt":"2022-01-16T17:23:32","slug":"dsgvo","status":"publish","type":"page","link":"https:\/\/www.maikeplenzke.com\/index.php\/dsgvo\/","title":{"rendered":"Datenschutzerkl\u00e4rung"},"content":{"rendered":"<p><\/p>\nDSGVO\nNach \u00a713 Abs. 1 Telemediengesetz (TMG) bin ich verpflichtet \u00fcber die Art, Umfang und Zweck der erhobenen und verwendeten personenbezogenen Daten auf dieser Website aufzukl\u00e4ren.<br style=\"clear: both;\" \/><br style=\"clear: both;\" \/>Dieses Seite ist mein Portfolio, damit Kunden sich ein Bild \u00fcber meine Arbeit machen k\u00f6nnen. Ich habe keinerlei Interesse daran, personenbezogene Daten zu speichern oder abzufragen. Wo es m\u00f6glich ist, vermeide ich jede Form von Informationssammlung, die nicht zwingend f\u00fcr die Nutzung der Website notwendig ist.<br style=\"clear: both;\" \/><br style=\"clear: both;\" \/>Verantworlich f\u00fcr die Website und ihren Datenschutz<br style=\"clear: both;\" \/>Maike Plenzke<br style=\"clear: both;\" \/>10318 Berlin<br style=\"clear: both;\" \/>Deutschland<br style=\"clear: both;\" \/><br style=\"clear: both;\" \/>Email:\u00a0maikeplenzke@gmx.de<br style=\"clear: both;\" \/>Website: cargocollective.com\/maikeplenzke<br style=\"clear: both;\" \/><br style=\"clear: both;\" \/>Personenbezogene Daten<br style=\"clear: both;\" \/>DSGVO Artikel 4, Abs. 1 Im Sinne der Verordnung bezeichnet der Ausdruck: \u201epersonenbezogene Daten\u201c alle Informationen, die sich auf eine identifizierte oder identifizierbare nat\u00fcrliche Person (im Folgenden \u201ebetroffene Person\u201c) beziehen; als identifizierbar wird eine nat\u00fcrliche Person angesehen, die direkt oder indirekt, insbesondere mittels Zuordnung zu einer Kennung wie einem Namen, zu einer Kennnummer, zu Standortdaten, zu einer Online-Kennung oder zu einem oder mehreren besonderen Merkmalen identifiziert werden kann, die Ausdruck der physischen, physiologischen, genetischen, psychischen, wirtschaftlichen, kulturellen oder sozialen Identit\u00e4t dieser nat\u00fcrlichen Person sind;<br style=\"clear: both;\" \/>Diese Website<br style=\"clear: both;\" \/>F\u00fcr diese Website verwende ich Cargocollective.com, allerdings ohne Plugins, die Daten aufnehmen k\u00f6nnten.<br style=\"clear: both;\" \/>Erhobene Daten<br style=\"clear: both;\" \/>Auf dieser Website werden von meinem Hoster keine IP-Adressen gespeichert. Eine Protokollierung ist verboten und ich verwende erweiterte Filter- und Anonymisierungsregeln.<br style=\"clear: both;\" \/><br style=\"clear: both;\" \/>Cookies<br style=\"clear: both;\" \/>Diese Website verwendet zum Teil Cookies. Das sind kleine Textdateien, die auf Ihrem Computer Ihren Besuch speichern und dadurch, zb. gesetzte Einstellungen speichern, damit diese nicht jedesmal neu eingetragen werden m\u00fcssen.<br style=\"clear: both;\" \/><br style=\"clear: both;\" \/>Widerspruchsrecht<br style=\"clear: both;\" \/>Wenn sie das Setzen von Cookies nicht m\u00f6chten, k\u00f6nnen Sie dies in Ihrem Browser verhindern. Wie das bei ihrem Browser funktioniert kann Ihnen deren Hilfedokumentation mitteilen. Ebenso k\u00f6nnen Sie tempor\u00e4r dem Setzen von Cookies widersprechen und Cookies aus Ihrem Browserverlauf l\u00f6schen. F\u00fcr den Langfristigen Verzicht auf Cookies bietet sich ein Browser-Tool an, welche Cookies automatisch verbietet.<br style=\"clear: both;\" \/>Bitte beachten Sie, dass in diesen F\u00e4llen der reibungslose Gebrauch der Website gest\u00f6rt sein kann.<br style=\"clear: both;\" \/><br style=\"clear: both;\" \/>Email<br style=\"clear: both;\" \/>Wenn Sie mir eine Email schicken, werden diese Daten von mir gespeichert. Dazu wird die Emailadresse und der Inhalt der Email auf dem Webserver meines Emailhosters GMX gespeichert und von mir mittels IMAP-Verfahren abgefragt. Weiterhin werden dann diese Emails anteilig oder vollst\u00e4ndig auf meinem Computer lokal gespeichert.<br style=\"clear: both;\" \/>Alle diese Daten werden von mir mit gr\u00f6\u00dfter Sorgfalt behandelt.<br style=\"clear: both;\" \/><br style=\"clear: both;\" \/>Recht auf Auskunft<br style=\"clear: both;\" \/>Sie haben jederzeit das Recht zu erfahren ob und wie Ihre Daten bei mir gespeichert werden. Sofern Sie dies w\u00fcnschen, schreiben Sie mir eine formlose Email an die oben genannte Emailadresse.<br style=\"clear: both;\" \/><br style=\"clear: both;\" \/>Datenschutz f\u00fcr die Verwendung von sozialen Netzwerken<br style=\"clear: both;\" \/>Auf meiner Website werden keine Facebookpixel verwendet und ebenso gibt es keine \u201eLike\u201c-Buttons. Ich verwende einen Link zu meines eigenen Blogs auf Tumblrs welcher auf der Kontaktseite genutzt werden kann. Selbes gilt f\u00fcr Links zu Instagram und behance. F\u00fcr den Datenschutz auf diesen verlinkten Webseiten ist alleine der Betreiber dieser Seiten verantwortlich.<br style=\"clear: both;\" \/><br style=\"clear: both;\" \/>Stand dieser Datenschutzerkl\u00e4rung<br style=\"clear: both;\" \/>31.Juli 2018<br style=\"clear: both;\" \/>Nach ge\u00e4nderter Gesetzeslage und erforderlicher Umst\u00e4nde kann es sein, dass diese Datenschutzerkl\u00e4rung jederzeit mit Wirkung auf die Zukunft ge\u00e4ndert wird.\n<p><\/p>","protected":false},"excerpt":{"rendered":"<p>DSGVO Nach \u00a713 Abs. 1 Telemediengesetz (TMG) bin ich verpflichtet \u00fcber die Art, Umfang und Zweck der erhobenen und verwendeten personenbezogenen Daten auf dieser Website aufzukl\u00e4ren.Dieses Seite ist mein Portfolio, damit Kunden sich ein Bild \u00fcber meine Arbeit machen k\u00f6nnen. Ich habe keinerlei Interesse daran, personenbezogene Daten zu speichern oder abzufragen. Wo es m\u00f6glich ist, [&hellip;]<\/p>\n","protected":false},"author":1,"featured_media":0,"parent":0,"menu_order":0,"comment_status":"closed","ping_status":"open","template":"","meta":{"pgc_sgb_lightbox_settings":"","footnotes":""},"class_list":["post-3","page","type-page","status-publish","hentry"],"blocksy_meta":[],"_links":{"self":[{"href":"https:\/\/www.maikeplenzke.com\/index.php\/wp-json\/wp\/v2\/pages\/3","targetHints":{"allow":["GET"]}}],"collection":[{"href":"https:\/\/www.maikeplenzke.com\/index.php\/wp-json\/wp\/v2\/pages"}],"about":[{"href":"https:\/\/www.maikeplenzke.com\/index.php\/wp-json\/wp\/v2\/types\/page"}],"author":[{"embeddable":true,"href":"https:\/\/www.maikeplenzke.com\/index.php\/wp-json\/wp\/v2\/users\/1"}],"replies":[{"embeddable":true,"href":"https:\/\/www.maikeplenzke.com\/index.php\/wp-json\/wp\/v2\/comments?post=3"}],"version-history":[{"count":11,"href":"https:\/\/www.maikeplenzke.com\/index.php\/wp-json\/wp\/v2\/pages\/3\/revisions"}],"predecessor-version":[{"id":745,"href":"https:\/\/www.maikeplenzke.com\/index.php\/wp-json\/wp\/v2\/pages\/3\/revisions\/745"}],"wp:attachment":[{"href":"https:\/\/www.maikeplenzke.com\/index.php\/wp-json\/wp\/v2\/media?parent=3"}],"curies":[{"name":"wp","href":"https:\/\/api.w.org\/{rel}","templated":true}]}}